{"id":2570,"date":"2025-01-20T15:57:51","date_gmt":"2025-01-20T15:57:51","guid":{"rendered":"https:\/\/eurovanilleinstit.arobases.fr\/?page_id=2570"},"modified":"2026-01-20T09:47:17","modified_gmt":"2026-01-20T09:47:17","slug":"acces-contact-commercial-grossiste","status":"publish","type":"page","link":"https:\/\/eurovanille.com\/en\/acces-contact-commercial-grossiste\/","title":{"rendered":"FR Acc\u00e9dez contacts de votre commercial gros"},"content":{"rendered":"\t\t<div data-elementor-type=\"wp-page\" data-elementor-id=\"2570\" class=\"elementor elementor-2570\" data-elementor-post-type=\"page\">\n\t\t\t\t\t\t<section class=\"elementor-section elementor-top-section elementor-element elementor-element-783ccc81 elementor-section-boxed elementor-section-height-default elementor-section-height-default wpr-particle-no wpr-jarallax-no wpr-parallax-no wpr-sticky-section-no\" data-id=\"783ccc81\" data-element_type=\"section\" data-e-type=\"section\" data-settings=\"{&quot;background_background&quot;:&quot;classic&quot;}\">\n\t\t\t\t\t\t<div class=\"elementor-container elementor-column-gap-default\">\n\t\t\t\t\t<div class=\"elementor-column elementor-col-100 elementor-top-column elementor-element elementor-element-1e70aba6\" data-id=\"1e70aba6\" data-element_type=\"column\" data-e-type=\"column\" data-settings=\"{&quot;background_background&quot;:&quot;classic&quot;}\">\n\t\t\t<div class=\"elementor-widget-wrap elementor-element-populated\">\n\t\t\t\t\t<div class=\"elementor-background-overlay\"><\/div>\n\t\t\t\t\t\t<section class=\"elementor-section elementor-inner-section elementor-element elementor-element-477a4365 elementor-section-boxed elementor-section-height-default elementor-section-height-default wpr-particle-no wpr-jarallax-no wpr-parallax-no wpr-sticky-section-no\" data-id=\"477a4365\" data-element_type=\"section\" data-e-type=\"section\">\n\t\t\t\t\t\t<div class=\"elementor-container elementor-column-gap-default\">\n\t\t\t\t\t<div class=\"elementor-column elementor-col-50 elementor-inner-column elementor-element elementor-element-557cf7a4\" data-id=\"557cf7a4\" data-element_type=\"column\" data-e-type=\"column\">\n\t\t\t<div class=\"elementor-widget-wrap elementor-element-populated\">\n\t\t\t\t\t\t<div class=\"elementor-element elementor-element-461cac48 elementor-widget-tablet__width-initial elementor-widget elementor-widget-heading\" data-id=\"461cac48\" data-element_type=\"widget\" data-e-type=\"widget\" data-widget_type=\"heading.default\">\n\t\t\t\t<div class=\"elementor-widget-container\">\n\t\t\t\t\t<h2 class=\"elementor-heading-title elementor-size-default\">Acc\u00e9dez aux contacts de votre commercial.<\/h2>\t\t\t\t<\/div>\n\t\t\t\t<\/div>\n\t\t\t\t\t<\/div>\n\t\t<\/div>\n\t\t\t\t<div class=\"elementor-column elementor-col-50 elementor-inner-column elementor-element elementor-element-30565f37\" data-id=\"30565f37\" data-element_type=\"column\" data-e-type=\"column\">\n\t\t\t<div class=\"elementor-widget-wrap elementor-element-populated\">\n\t\t\t\t\t\t<div class=\"elementor-element elementor-element-3f2d521 elementor-widget elementor-widget-shortcode\" data-id=\"3f2d521\" data-element_type=\"widget\" data-e-type=\"widget\" data-widget_type=\"shortcode.default\">\n\t\t\t\t<div class=\"elementor-widget-container\">\n\t\t\t\t\t\t\t<div class=\"elementor-shortcode\">\n\t\t\t<form id=\"sib_signup_form_12\" method=\"post\" class=\"sib_signup_form\">\n\t\t\t\t<div class=\"sib_loader\" style=\"display:none;\"><img\n\t\t\t\t\t\t\tsrc=\"https:\/\/eurovanille.com\/wp-includes\/images\/spinner.gif\" alt=\"loader\"><\/div>\n\t\t\t\t<input type=\"hidden\" name=\"sib_form_action\" value=\"subscribe_form_submit\">\n\t\t\t\t<input type=\"hidden\" name=\"sib_form_id\" value=\"12\">\n                <input type=\"hidden\" name=\"sib_form_alert_notice\" value=\"Remplissez ce champ s\u2019il vous pla\u00eet\">\n                <input type=\"hidden\" name=\"sib_form_invalid_email_notice\" value=\"Cette adresse email n&#039;est pas valide\">\n                <input type=\"hidden\" name=\"sib_security\" value=\"cb524298c5\">\n\t\t\t\t<div class=\"sib_signup_box_inside_12\">\n\t\t\t\t\t<div style=\"\/*display:none*\/\" class=\"sib_msg_disp\">\n\t\t\t\t\t<\/div>\n                    \t\t\t\t\t<script src=\"https:\/\/cdn.tailwindcss.com\"><\/script>\r\n\r\n\r\n  <div class=\"bg-white shadow-lg rounded-2xl p-8 w-full max-w-md\">\r\n    <h2 class=\"text-2xl font-semibold text-gray-800 text-center mb-6\">Contact<\/h2>\r\n    \r\n      <!-- Email address -->\r\n      <div>\r\n        <label for=\"email\" class=\"block text-sm font-medium text-gray-700 mb-1\">Adresse mail<\/label>\r\n        <input type=\"email\" id=\"email\" name=\"email\" placeholder=\"Email\" required class=\"w-full rounded-lg border-gray-300 focus:ring-2 focus:ring-[#008866] focus:border-[#008866] p-3\">\r\n      <\/div>\r\n<br>\r\n      <!-- Download button -->\r\n      <button type=\"submit\" class=\"w-full bg-[#008866] text-white font-semibold py-3 rounded-xl shadow-md hover:bg-[#008866] transition duration-200\">\r\n        Acceder\r\n      <\/button>\r\n    \r\n  <\/div>\r\n\r\n  <script>\r\n    document.getElementById(\"downloadForm\").addEventListener(\"submit\", function(event) {\r\n      event.preventDefault(); \/\/ prevent form submission\r\n      \/\/ Redirect to the PDF (HTTPS version)\r\n      window.location.href = \"https:\/\/eurovanilleinstit.arobases.fr\/wp-content\/uploads\/2025\/08\/Rapport-RSE-FR.pdf\";\r\n    });\r\n  <\/script>\r\n\r\n\r\n\t\t\t\t<\/div>\n\t\t\t<\/form>\n\t\t\t<style>\n\t\t\t\tform#sib_signup_form_12 { padding: 5px; -moz-box-sizing:border-box; -webkit-box-sizing: border-box; box-sizing: border-box; } form#sib_signup_form_12 input[type=text],form#sib_signup_form_12 input[type=email], form#sib_signup_form_12 select { width: 100%; border: 1px solid #bbb; height: auto; margin: 5px 0 0 0; } form#sib_signup_form_12 .sib-default-btn { margin: 5px 0; padding: 6px 12px; color:#fff; background-color: #333; border-color: #2E2E2E; font-size: 14px; font-weight:400; line-height: 1.4285; text-align: center; cursor: pointer; vertical-align: middle; -webkit-user-select:none; -moz-user-select:none; -ms-user-select:none; user-select:none; white-space: normal; border:1px solid transparent; border-radius: 3px; } form#sib_signup_form_12 .sib-default-btn:hover { background-color: #008866; } form#sib_signup_form_12 p{ margin: 10px 0 0 0; }form#sib_signup_form_12 p.sib-alert-message {\n    padding: 6px 12px;\n    margin-bottom: 20px;\n    border: 1px solid transparent;\n    border-radius: 4px;\n    -webkit-box-sizing: border-box;\n    -moz-box-sizing: border-box;\n    box-sizing: border-box;\n}\nform#sib_signup_form_12 p.sib-alert-message-error {\n    background-color: #f2dede;\n    border-color: #ebccd1;\n    color: #a94442;\n}\nform#sib_signup_form_12 p.sib-alert-message-success {\n    background-color: #dff0d8;\n    border-color: #d6e9c6;\n    color: #3c763d;\n}\nform#sib_signup_form_12 p.sib-alert-message-warning {\n    background-color: #fcf8e3;\n    border-color: #faebcc;\n    color: #8a6d3b;\n}\n\t\t\t<\/style>\n\t\t\t<\/div>\n\t\t\t\t\t\t<\/div>\n\t\t\t\t<\/div>\n\t\t\t\t<div class=\"elementor-element elementor-element-d8e762e elementor-widget elementor-widget-text-editor\" data-id=\"d8e762e\" data-element_type=\"widget\" data-e-type=\"widget\" data-widget_type=\"text-editor.default\">\n\t\t\t\t<div class=\"elementor-widget-container\">\n\t\t\t\t\t\t\t\t\t<p>En remplissant ce champ, vous acceptez que vos informations soient utilis\u00e9es \u00e0 des fins commerciales.<\/p>\t\t\t\t\t\t\t\t<\/div>\n\t\t\t\t<\/div>\n\t\t\t\t\t<\/div>\n\t\t<\/div>\n\t\t\t\t\t<\/div>\n\t\t<\/section>\n\t\t\t\t\t<\/div>\n\t\t<\/div>\n\t\t\t\t\t<\/div>\n\t\t<\/section>\n\t\t\t\t<\/div>\n\t\t","protected":false},"excerpt":{"rendered":"<p>Acc\u00e9dez aux contacts de votre commercial. En remplissant ce champ, vous acceptez que vos informations soient utilis\u00e9es \u00e0 des fins commerciales.<\/p>","protected":false},"author":3,"featured_media":0,"parent":0,"menu_order":0,"comment_status":"closed","ping_status":"closed","template":"elementor_header_footer","meta":{"footnotes":""},"class_list":["post-2570","page","type-page","status-publish","hentry","entry"],"yoast_head":"<!-- This site is optimized with the Yoast SEO plugin v27.3 - https:\/\/yoast.com\/product\/yoast-seo-wordpress\/ -->\n<title>Acc\u00e9dez aux contacts de votre commercial grossiste<\/title>\n<meta name=\"description\" content=\"Trouvez facilement les contacts de votre commercial grossiste pour vos besoins professionnels. Cliquez pour acc\u00e9der aux coordonn\u00e9es.\" \/>\n<meta name=\"robots\" content=\"noindex, nofollow\" \/>\n<meta property=\"og:locale\" content=\"en_GB\" \/>\n<meta property=\"og:type\" content=\"article\" \/>\n<meta property=\"og:title\" content=\"Acc\u00e9dez aux contacts de votre commercial grossiste\" \/>\n<meta property=\"og:description\" content=\"Trouvez facilement les contacts de votre commercial grossiste pour vos besoins professionnels. Cliquez pour acc\u00e9der aux coordonn\u00e9es.\" \/>\n<meta property=\"og:url\" content=\"https:\/\/eurovanille.com\/en\/acces-contact-commercial-grossiste\/\" \/>\n<meta property=\"og:site_name\" content=\"Eurovanille\" \/>\n<meta property=\"article:modified_time\" content=\"2026-01-20T09:47:17+00:00\" \/>\n<meta name=\"twitter:card\" content=\"summary_large_image\" \/>\n<meta name=\"twitter:label1\" content=\"Estimated reading time\" \/>\n\t<meta name=\"twitter:data1\" content=\"1 minute\" \/>\n<script type=\"application\/ld+json\" class=\"yoast-schema-graph\">{\"@context\":\"https:\\\/\\\/schema.org\",\"@graph\":[{\"@type\":\"WebPage\",\"@id\":\"https:\\\/\\\/eurovanille.com\\\/acces-contact-commercial-grossiste\\\/\",\"url\":\"https:\\\/\\\/eurovanille.com\\\/acces-contact-commercial-grossiste\\\/\",\"name\":\"Acc\u00e9dez aux contacts de votre commercial grossiste\",\"isPartOf\":{\"@id\":\"https:\\\/\\\/www.eurovanille.com\\\/en\\\/#website\"},\"datePublished\":\"2025-01-20T15:57:51+00:00\",\"dateModified\":\"2026-01-20T09:47:17+00:00\",\"description\":\"Trouvez facilement les contacts de votre commercial grossiste pour vos besoins professionnels. Cliquez pour acc\u00e9der aux coordonn\u00e9es.\",\"breadcrumb\":{\"@id\":\"https:\\\/\\\/eurovanille.com\\\/acces-contact-commercial-grossiste\\\/#breadcrumb\"},\"inLanguage\":\"en-GB\",\"potentialAction\":[{\"@type\":\"ReadAction\",\"target\":[\"https:\\\/\\\/eurovanille.com\\\/acces-contact-commercial-grossiste\\\/\"]}]},{\"@type\":\"BreadcrumbList\",\"@id\":\"https:\\\/\\\/eurovanille.com\\\/acces-contact-commercial-grossiste\\\/#breadcrumb\",\"itemListElement\":[{\"@type\":\"ListItem\",\"position\":1,\"name\":\"Accueil\",\"item\":\"https:\\\/\\\/www.eurovanille.com\\\/en\\\/\"},{\"@type\":\"ListItem\",\"position\":2,\"name\":\"FR Acc\u00e9dez contacts de votre commercial gros\"}]},{\"@type\":\"WebSite\",\"@id\":\"https:\\\/\\\/www.eurovanille.com\\\/en\\\/#website\",\"url\":\"https:\\\/\\\/www.eurovanille.com\\\/en\\\/\",\"name\":\"Eurovanille\",\"description\":\"\",\"publisher\":{\"@id\":\"https:\\\/\\\/www.eurovanille.com\\\/en\\\/#organization\"},\"potentialAction\":[{\"@type\":\"SearchAction\",\"target\":{\"@type\":\"EntryPoint\",\"urlTemplate\":\"https:\\\/\\\/www.eurovanille.com\\\/en\\\/?s={search_term_string}\"},\"query-input\":{\"@type\":\"PropertyValueSpecification\",\"valueRequired\":true,\"valueName\":\"search_term_string\"}}],\"inLanguage\":\"en-GB\"},{\"@type\":\"Organization\",\"@id\":\"https:\\\/\\\/www.eurovanille.com\\\/en\\\/#organization\",\"name\":\"Eurovanille\",\"url\":\"https:\\\/\\\/www.eurovanille.com\\\/en\\\/\",\"logo\":{\"@type\":\"ImageObject\",\"inLanguage\":\"en-GB\",\"@id\":\"https:\\\/\\\/www.eurovanille.com\\\/en\\\/#\\\/schema\\\/logo\\\/image\\\/\",\"url\":\"\\\/wp-content\\\/uploads\\\/2025\\\/06\\\/cropped-logo.jpg\",\"contentUrl\":\"\\\/wp-content\\\/uploads\\\/2025\\\/06\\\/cropped-logo.jpg\",\"width\":512,\"height\":512,\"caption\":\"Eurovanille\"},\"image\":{\"@id\":\"https:\\\/\\\/www.eurovanille.com\\\/en\\\/#\\\/schema\\\/logo\\\/image\\\/\"}}]}<\/script>\n<!-- \/ Yoast SEO plugin. -->","yoast_head_json":{"title":"Acc\u00e9dez aux contacts de votre commercial grossiste","description":"Trouvez facilement les contacts de votre commercial grossiste pour vos besoins professionnels. Cliquez pour acc\u00e9der aux coordonn\u00e9es.","robots":{"index":"noindex","follow":"nofollow"},"og_locale":"en_GB","og_type":"article","og_title":"Acc\u00e9dez aux contacts de votre commercial grossiste","og_description":"Trouvez facilement les contacts de votre commercial grossiste pour vos besoins professionnels. Cliquez pour acc\u00e9der aux coordonn\u00e9es.","og_url":"https:\/\/eurovanille.com\/en\/acces-contact-commercial-grossiste\/","og_site_name":"Eurovanille","article_modified_time":"2026-01-20T09:47:17+00:00","twitter_card":"summary_large_image","twitter_misc":{"Estimated reading time":"1 minute"},"schema":{"@context":"https:\/\/schema.org","@graph":[{"@type":"WebPage","@id":"https:\/\/eurovanille.com\/acces-contact-commercial-grossiste\/","url":"https:\/\/eurovanille.com\/acces-contact-commercial-grossiste\/","name":"Acc\u00e9dez aux contacts de votre commercial grossiste","isPartOf":{"@id":"https:\/\/www.eurovanille.com\/en\/#website"},"datePublished":"2025-01-20T15:57:51+00:00","dateModified":"2026-01-20T09:47:17+00:00","description":"Trouvez facilement les contacts de votre commercial grossiste pour vos besoins professionnels. Cliquez pour acc\u00e9der aux coordonn\u00e9es.","breadcrumb":{"@id":"https:\/\/eurovanille.com\/acces-contact-commercial-grossiste\/#breadcrumb"},"inLanguage":"en-GB","potentialAction":[{"@type":"ReadAction","target":["https:\/\/eurovanille.com\/acces-contact-commercial-grossiste\/"]}]},{"@type":"BreadcrumbList","@id":"https:\/\/eurovanille.com\/acces-contact-commercial-grossiste\/#breadcrumb","itemListElement":[{"@type":"ListItem","position":1,"name":"Accueil","item":"https:\/\/www.eurovanille.com\/en\/"},{"@type":"ListItem","position":2,"name":"FR Acc\u00e9dez contacts de votre commercial gros"}]},{"@type":"WebSite","@id":"https:\/\/www.eurovanille.com\/en\/#website","url":"https:\/\/www.eurovanille.com\/en\/","name":"Eurovanille","description":"","publisher":{"@id":"https:\/\/www.eurovanille.com\/en\/#organization"},"potentialAction":[{"@type":"SearchAction","target":{"@type":"EntryPoint","urlTemplate":"https:\/\/www.eurovanille.com\/en\/?s={search_term_string}"},"query-input":{"@type":"PropertyValueSpecification","valueRequired":true,"valueName":"search_term_string"}}],"inLanguage":"en-GB"},{"@type":"Organization","@id":"https:\/\/www.eurovanille.com\/en\/#organization","name":"Eurovanille","url":"https:\/\/www.eurovanille.com\/en\/","logo":{"@type":"ImageObject","inLanguage":"en-GB","@id":"https:\/\/www.eurovanille.com\/en\/#\/schema\/logo\/image\/","url":"\/wp-content\/uploads\/2025\/06\/cropped-logo.jpg","contentUrl":"\/wp-content\/uploads\/2025\/06\/cropped-logo.jpg","width":512,"height":512,"caption":"Eurovanille"},"image":{"@id":"https:\/\/www.eurovanille.com\/en\/#\/schema\/logo\/image\/"}}]}},"_links":{"self":[{"href":"https:\/\/eurovanille.com\/en\/wp-json\/wp\/v2\/pages\/2570","targetHints":{"allow":["GET"]}}],"collection":[{"href":"https:\/\/eurovanille.com\/en\/wp-json\/wp\/v2\/pages"}],"about":[{"href":"https:\/\/eurovanille.com\/en\/wp-json\/wp\/v2\/types\/page"}],"author":[{"embeddable":true,"href":"https:\/\/eurovanille.com\/en\/wp-json\/wp\/v2\/users\/3"}],"replies":[{"embeddable":true,"href":"https:\/\/eurovanille.com\/en\/wp-json\/wp\/v2\/comments?post=2570"}],"version-history":[{"count":17,"href":"https:\/\/eurovanille.com\/en\/wp-json\/wp\/v2\/pages\/2570\/revisions"}],"predecessor-version":[{"id":11325,"href":"https:\/\/eurovanille.com\/en\/wp-json\/wp\/v2\/pages\/2570\/revisions\/11325"}],"wp:attachment":[{"href":"https:\/\/eurovanille.com\/en\/wp-json\/wp\/v2\/media?parent=2570"}],"curies":[{"name":"wp","href":"https:\/\/api.w.org\/{rel}","templated":true}]}}